{"id":24,"date":"2015-07-27T18:54:37","date_gmt":"2015-07-27T18:54:37","guid":{"rendered":"http:\/\/dav-achental-jugend.de\/wp\/?page_id=24"},"modified":"2017-10-31T12:35:14","modified_gmt":"2017-10-31T11:35:14","slug":"infos","status":"publish","type":"page","link":"https:\/\/dav-achental-jugend.de\/wp\/infos\/","title":{"rendered":"Infos"},"content":{"rendered":"<header class=\"page-header\">\n<p class=\"page-title entry-title m-font-size-title font-verdana\" style=\"text-align: left;\"><strong>12 gute Gr\u00fcnde,\u00a0<\/strong><strong>Mitglied in der DAV-Sektion Achental zu werden.<\/strong><\/p>\n<p>Die Mitgliedschaft k\u00f6nnen Sie hier abschlie\u00dfen: <span style=\"color: #008000;\"><a style=\"color: #008000;\" href=\"https:\/\/www.dav-achental.de\/mitgliedschaft\/mitglied-werden\/\" target=\"_blank\">Mitgliedschaft DAV Sektion Achental<\/a><\/span><\/p>\n<\/header>\n<div class=\"entry-content clearfix\">\n<ol>\n<li>Sie unterst\u00fctzen den Verein, der f\u00fcr die Zukunft des Bergsports in intakter Natur und lebenswerter Umwelt einsteht.<\/li>\n<li>Sie k\u00f6nnen auf \u00fcber 2000 H\u00fctten in den Alpen viel billiger \u00fcbernachten.<\/li>\n<li>Sie genie\u00dfen auf den H\u00fctten bevorzugte Behandlung bei der Schlafplatzvergabe, g\u00fcnstiges Bergsteigeressen und kostenlosen Zugang zum Selbstversorgerbereich bzw. exklusive Zugangsberechtigung zu vielen Selbstversorgerh\u00fctten.<\/li>\n<li>Sie bekommen mehr Informationen \u00fcber Umwelt- und Naturschutz<\/li>\n<li>Sie k\u00f6nnen sich in ihrer Sektion f\u00fcr alle Spielarten des Bergsports ausbilden lassen.<\/li>\n<li>Sie haben den h\u00f6chsten Sicherheitsstandard durch entsprechende Ausbildung und f\u00fchrende Forschung.<\/li>\n<li>Sie bekommen sechsmal j\u00e4hrlich kostenlos die Mitgliederzeitschrift, das attraktive Bergsteigermagazin\u00a0<a href=\"http:\/\/www.alpenverein.de\/DAV-Services\/Panorama-Magazin\/\" target=\"_blank\">\u201eDAV PANORAMA\u201c<\/a>.<\/li>\n<li>Sie bekommen zus\u00e4tzlich das kostenlose Informationsmagazin bzw. Veranstaltungsprogramm ihrer jeweiligen Sektion<\/li>\n<li>Sie genie\u00dfen kostenlosen oder verg\u00fcnstigten Zugang zu Kletteranlagen der Sektionen.<\/li>\n<li>Sie haben kostenlos bzw. verg\u00fcnstigten Zugriff auf F\u00fchrer, Karten und Literatur \u00fcber die B\u00fccherei Ihrer Sektion bzw. die hervorragende Bibliothek des DAV oder die DAV SERVICE GMBH in M\u00fcnchen.<\/li>\n<li>Sie k\u00f6nnen verg\u00fcnstigt an Sektionsveranstaltungen teilnehmen, haben Zugang zu einem attraktiven Tourenangebot und die Gesellschaft Gleichgesinnter.<\/li>\n<li>Sollte Ihnen beim Bergsport etwas zusto\u00dfen, hilft Ihnen der optimale Versicherungsschutz, der bereits im Mitgliedsbeitrag enthalten ist:\u00a0<a href=\"http:\/\/www.dav-achental.de\/wp-content\/uploads\/2017\/02\/Flyer-DAV-ASS-04-01-17.pdf\" target=\"_blank\">flyer-dav-ass-04-01-17<\/a><\/li>\n<\/ol>\n<\/div>\n","protected":false},"excerpt":{"rendered":"<p>12 gute Gr\u00fcnde,\u00a0Mitglied in der DAV-Sektion Achental zu werden. Die  [&#8230;]<\/p>\n","protected":false},"author":1,"featured_media":0,"parent":0,"menu_order":0,"comment_status":"closed","ping_status":"open","template":"","meta":{"footnotes":""},"class_list":["post-24","page","type-page","status-publish","hentry"],"_links":{"self":[{"href":"https:\/\/dav-achental-jugend.de\/wp\/wp-json\/wp\/v2\/pages\/24","targetHints":{"allow":["GET"]}}],"collection":[{"href":"https:\/\/dav-achental-jugend.de\/wp\/wp-json\/wp\/v2\/pages"}],"about":[{"href":"https:\/\/dav-achental-jugend.de\/wp\/wp-json\/wp\/v2\/types\/page"}],"author":[{"embeddable":true,"href":"https:\/\/dav-achental-jugend.de\/wp\/wp-json\/wp\/v2\/users\/1"}],"replies":[{"embeddable":true,"href":"https:\/\/dav-achental-jugend.de\/wp\/wp-json\/wp\/v2\/comments?post=24"}],"version-history":[{"count":15,"href":"https:\/\/dav-achental-jugend.de\/wp\/wp-json\/wp\/v2\/pages\/24\/revisions"}],"predecessor-version":[{"id":1038,"href":"https:\/\/dav-achental-jugend.de\/wp\/wp-json\/wp\/v2\/pages\/24\/revisions\/1038"}],"wp:attachment":[{"href":"https:\/\/dav-achental-jugend.de\/wp\/wp-json\/wp\/v2\/media?parent=24"}],"curies":[{"name":"wp","href":"https:\/\/api.w.org\/{rel}","templated":true}]}}